{"id":1269,"date":"2022-04-11T12:22:01","date_gmt":"2022-04-11T12:22:01","guid":{"rendered":"https:\/\/llumisub.lluminaries.com\/condicions-de-compra\/"},"modified":"2022-04-11T12:25:41","modified_gmt":"2022-04-11T12:25:41","slug":"condicions-de-compra","status":"publish","type":"page","link":"https:\/\/llumisub.lluminaries.com\/es\/condicions-de-compra\/","title":{"rendered":"Condiciones de compra"},"content":{"rendered":"<p>&nbsp;<\/p>\n<p>El presente documento determina los t\u00e9rminos y condiciones para el uso del sitio web, de ARTESANIA I LLUMIN\u00c0RIES, SL, con NIF B-67609404, y domicilio social sito en, 17200 GIRONA,\u00a0 lo que incluye, especialmente la solicitud de pedidos de todos los productos y servicios que ofrece LLUMIN\u00c0RIES.<\/p>\n<p>Le rogamos lea detenidamente los presentes t\u00e9rminos y condiciones de venta antes de utilizar nuestro sitio web y de solicitar nuestros Productos y Servicios.<\/p>\n<p>El hecho de hacer uso de la presente p\u00e1gina web para realizar pedidos de los productos de LLUMIN\u00c0RIES, implica que usted est\u00e1 de acuerdo con las presentes T\u00e9rminos y Condiciones.<\/p>\n<p>Tome en consideraci\u00f3n que LLUMIN\u00c0RIES ofrece una amplia gama de Productos y Servicios, cuya descripci\u00f3n en la Web podr\u00eda diferir de los productos reales en aspectos como el color, la forma y el tama\u00f1o, y en ocasiones podr\u00edan aplicarse t\u00e9rminos adicionales. En tales casos, LLUMIN\u00c0RIES realizar\u00e1 la comunicaci\u00f3n correspondiente al consumidor.<\/p>\n<ul>\n<li><strong><u>CONDICIONES GENERALES<\/u><\/strong><\/li>\n<\/ul>\n<p>Los presentes t\u00e9rminos y condiciones se aplicar\u00e1n al uso de la presente p\u00e1gina web, as\u00ed como a la presentaci\u00f3n de todas las ofertas o promociones y acuerdos a los que se lleguen a trav\u00e9s de la web de LLUMIN\u00c0RIES .<\/p>\n<p>Ser\u00e1 cliente cualquier persona, f\u00edsica o jur\u00eddica, que visite el presente sitio web y que establezca alg\u00fan tipo de relaci\u00f3n contractual con LLUMIN\u00c0RIES. Ser\u00e1 consumidor cualquier persona f\u00edsica que entre dentro de la definici\u00f3n establecida en el art\u00edculo 3 del Texto Refundido de la Ley de General para la Defensa de los Consumidores y Usuarios y otras leyes complementarias (TRLGDCU).<\/p>\n<p>LLUMIN\u00c0RIES se reserva el derecho a realizar los cambios que considere oportunos en el presente sitio web, en especial en los presentes T\u00e9rminos y condiciones, dada su relevancia. En caso de que el cliente no desee aceptar los nuevos T\u00e9rminos y Condiciones, deber\u00e1 notific\u00e1rselo a LLUMIN\u00c0RIES en el plazo m\u00e1ximo de 14 d\u00edas a contar desde la recepci\u00f3n de la notificaci\u00f3n de los nuevos T\u00e9rminos y Condiciones. El cliente estar\u00e1 sujeto a los T\u00e9rminos y Condiciones en vigor desde el momento en que realice el pedido de los Productos LLUMIN\u00c0RIES.<\/p>\n<p>En caso de que alguno de los presentes T\u00e9rminos y Condiciones fuere considerado como no v\u00e1lido, nulo o inaplicable, se tendr\u00e1 por no puesto, no afectando en ning\u00fan caso a la validez y aplicabilidad de los restantes T\u00e9rminos y Condiciones.<\/p>\n<p>Para poder comprar los Productos LLUMIN\u00c0RIES ofrecidos en esta p\u00e1gina web, el Cliente deber\u00e1 contar con su mayor\u00eda de edad. Si fuere menor de 18 a\u00f1os, solamente podr\u00e1 comprar los Productos LLUMIN\u00c0RIES con la participaci\u00f3n de un progenitor o tutor.<\/p>\n<ul>\n<li><strong><u>ENV\u00cdOS<\/u><\/strong><\/li>\n<\/ul>\n<p>LLUMIN\u00c0RIES gestiona sus pedidos en el plazo de entre 24 y 48 horas laborables. El tiempo de env\u00edo depende de la ubicaci\u00f3n de entrega, siendo un plazo de env\u00edo aproximado de entre 24 y 48 horas h\u00e1biles en Pen\u00ednsula, y de entre 72 y 96 horas en Canarias, Baleares, Ceuta y Melilla.<\/p>\n<p>Asimismo, LLUMIN\u00c0RIES realiza env\u00edos fuera del Estado Espa\u00f1ol. Se informa al consumidor y usuario de que el plazo de entrega podr\u00eda demorarse m\u00e1s all\u00e1 de las 72 horas, en funci\u00f3n del pa\u00eds de destino. En caso de dudas sobre env\u00edos a tu pa\u00eds, contactar a trav\u00e9s de la \u00a0direcci\u00f3n de correo electr\u00f3nico <a href=\"mailto:info@lluminaries.com\"><strong>info@lluminaries.com<\/strong><\/a><\/p>\n<p>El almac\u00e9n y centro de fabricaci\u00f3n de LLUMIN\u00c0RIES se encuentra en Girona, Espa\u00f1a. Los pedidos solicitados por el cliente se env\u00edan desde los almacenes , o bien desde nuestro operador log\u00edstico, el cual se encarga de realizar la preparaci\u00f3n de los pedidos y la gesti\u00f3n de los env\u00edos.<\/p>\n<p><strong><u>Env\u00edos a domicilio<\/u><\/strong><\/p>\n<p>Los env\u00edos a domicilio\u00a0 generaran gastos que se calculan al finalizar el pedido.<\/p>\n<p><strong><u>Tasas de aduana<\/u><\/strong><\/p>\n<p>Para los env\u00edos a Espa\u00f1a y a pa\u00edses de la Uni\u00f3n europea no es necesario pagar tasas aduaneras extras.<\/p>\n<p>Los pedidos internacionales pueden acarrear gastos adicionales por aduanas. Esta tasa no est\u00e1 bajo el control de LLUMIN\u00c0RIES, y es decisi\u00f3n de la agencia de aduanas de cada usuario. Las pol\u00edticas de aduanas var\u00edan enormemente entre pa\u00edses, por lo que se recomienda hablar con las autoridades locales para esclarecer este punto.<\/p>\n<p><strong><u>No recepci\u00f3n del pedido<\/u><\/strong><\/p>\n<p>En caso de no recibir el pedido, se recomienda al consumidor y usuario que siga los siguientes pasos:<\/p>\n<ol>\n<li>Comprobar el email de confirmaci\u00f3n para asegurar la inexistencia de errores en la direcci\u00f3n de env\u00edo o en la confirmaci\u00f3n del pedido. Se informa que el c\u00f3digo postal es una parte crucial de la direcci\u00f3n de env\u00edo. El consumidor y usuario debe asegurar haber introducido este dato correctamente, a los efectos de evitar los robos. Se recomienda hacer uso de la direcci\u00f3n del lugar donde se vaya a estar.<\/li>\n<\/ol>\n<p>En el caso de que ninguno de los puntos anteriores haya servido de ayuda, LLUMIN\u00c0RIES recomienda contactar a la direcci\u00f3n de correo electr\u00f3nico <a href=\"mailto:info@lluminaries.com\"><strong>info@lluminaries.com<\/strong><\/a> el n\u00famero de pedido.<\/p>\n<p>Si hubiera alg\u00fan problema con la direcci\u00f3n de env\u00edo, LLUMIN\u00c0RIES podr\u00eda enviarte de nuevo el producto, siendo a cargo del consumidor los costes de env\u00edo.<\/p>\n<ul>\n<li><strong><u>DERECHO DE DESISTIMIENTO<\/u><\/strong><\/li>\n<\/ul>\n<p>A efectos de lo dispuesto en el art\u00edculo 69 del Real Decreto Legislativo 1\/2007, de 16 de noviembre, por el que se aprueba el Texto Refundido de la Ley General para la Defensa de los Consumidores y Usuarios y otras leyes complementarias (en adelante, TRLGDCU), se informa a los clientes que les asiste el derecho a desistir de la relaci\u00f3n contractual que les vincula con LLUMIN\u00c0RIES, cumpliendo con las condiciones legalmente previstas.<\/p>\n<ul>\n<li><strong><u>PRECIOS<\/u><\/strong><\/li>\n<\/ul>\n<p>A efectos de lo dispuesto en el art\u00edculo 103.b) del Real Decreto Legislativo 1\/2007, de 16 de noviembre, por el que se aprueba el Texto Refundido de la Ley General para la Defensa de los Consumidores y Usuarios y otras leyes complementarias, se informa de que los precios pueden ser constantemente sometidos a variaciones. A dichos efectos, LLUMIN\u00c0RIES no se responsabiliza de las variaciones en los precios, por cuanto dependen de las fluctuaciones del mercado financiero que LLUMIN\u00c0RIES no puede controlar.<\/p>\n<p>LLUMIN\u00c0RIES se reserva el derecho de cancelar y devolver el importe abonado al cliente en el caso de un error de precios establecidos en este sitio Web por cualquier motivo, no haci\u00e9ndose responsable de cualquier error aritm\u00e9tico o material en la fijaci\u00f3n de los precios de los productos.<\/p>\n<p>LLUMIN\u00c0RIES informa de que los precios de sus Productos y Servicios ofrecidos en su p\u00e1gina Web, incluyen el correspondiente IVA, siendo de aplicaci\u00f3n seg\u00fan el Producto o Servicio solicitados, en funci\u00f3n de lo establecido en el marco normativo de aplicaci\u00f3n.<\/p>\n<ul>\n<li><strong><u>PROMOCIONES<\/u><\/strong><\/li>\n<\/ul>\n<p>LLUMIN\u00c0RIES informar\u00e1 mediante el presente sitio Web las posibles Promociones a las cuales puedan acceder sus clientes, con las condiciones generales correspondientes, las cuales podr\u00e1n ser consultadas a trav\u00e9s del presente sitio Web, en el apartado de <a href=\"https:\/\/www.incapto.com\/bases-legales\/\">Bases Legales<\/a>.<\/p>\n<ul>\n<li><strong><u>PAGOS<\/u><\/strong><\/li>\n<\/ul>\n<p>LLUMIN\u00c0RIES informa a los clientes de que el medio de pago de los pedidos de los Productos y Servicios que ofrece LLUMIN\u00c0RIES es mediante tarjeta de d\u00e9bito o cr\u00e9dito.<\/p>\n<p>En aplicaci\u00f3n de lo establecido en la Ley Org\u00e1nica 3\/2018, de 5 de diciembre, de Protecci\u00f3n de Datos Personales y garant\u00eda de los derechos digitales, se informa a los clientes de que, en el momento de realizar el pedido, se le solicitar\u00e1 el consentimiento expreso para el tratamiento de sus datos personales, y la Pol\u00edtica de Privacidad de LLUMIN\u00c0RIES.<\/p>\n<ul>\n<li><strong><u>DEVOLUCIONES<\/u><\/strong><\/li>\n<\/ul>\n<p>LLUMIN\u00c0RIES ofrece la posibilidad de devolver paquetes en caso de recibirse en mal estado y\/o desprecintados, o de darse un error con el pedido por parte de LLUMIN\u00c0RIES, con los l\u00edmites establecidos en la Ley. De darse tal caso, el consumidor puede contactar con LLUMIN\u00c0RIES a trav\u00e9s de la direcci\u00f3n de correo electr\u00f3nico <a href=\"mailto:info@lluminaries.com\"><strong>info@lluminaries.com<\/strong><\/a>, remitiendo evidencias probatorias del defecto en el producto entregado, a los efectos de buscar una soluci\u00f3n.<\/p>\n<p>Para poder proceder con la devoluci\u00f3n, los productos deben ser retornados en perfecto estado.<\/p>\n","protected":false},"excerpt":{"rendered":"<p>&nbsp; El presente documento determina los t\u00e9rminos y condiciones para el uso del sitio web, de ARTESANIA I LLUMIN\u00c0RIES, SL, con NIF B-67609404, y domicilio social sito en, 17200 GIRONA,\u00a0 lo que incluye, especialmente la solicitud de pedidos de todos los productos y servicios que ofrece LLUMIN\u00c0RIES. Le rogamos lea detenidamente los presentes t\u00e9rminos y &hellip;<\/p>\n<p class=\"read-more\"> <a class=\"\" href=\"https:\/\/llumisub.lluminaries.com\/es\/condicions-de-compra\/\"> <span class=\"screen-reader-text\">Condiciones de compra<\/span> Leer m\u00e1s &raquo;<\/a><\/p>\n","protected":false},"author":1,"featured_media":0,"parent":0,"menu_order":0,"comment_status":"closed","ping_status":"closed","template":"","meta":{"site-sidebar-layout":"default","site-content-layout":"default","ast-global-header-display":"","ast-main-header-display":"","ast-hfb-above-header-display":"","ast-hfb-below-header-display":"","ast-hfb-mobile-header-display":"","site-post-title":"","ast-breadcrumbs-content":"","ast-featured-img":"","footer-sml-layout":"","theme-transparent-header-meta":"default","adv-header-id-meta":"","stick-header-meta":"default","header-above-stick-meta":"","header-main-stick-meta":"","header-below-stick-meta":"","footnotes":""},"class_list":["post-1269","page","type-page","status-publish","hentry"],"_links":{"self":[{"href":"https:\/\/llumisub.lluminaries.com\/es\/wp-json\/wp\/v2\/pages\/1269","targetHints":{"allow":["GET"]}}],"collection":[{"href":"https:\/\/llumisub.lluminaries.com\/es\/wp-json\/wp\/v2\/pages"}],"about":[{"href":"https:\/\/llumisub.lluminaries.com\/es\/wp-json\/wp\/v2\/types\/page"}],"author":[{"embeddable":true,"href":"https:\/\/llumisub.lluminaries.com\/es\/wp-json\/wp\/v2\/users\/1"}],"replies":[{"embeddable":true,"href":"https:\/\/llumisub.lluminaries.com\/es\/wp-json\/wp\/v2\/comments?post=1269"}],"version-history":[{"count":6,"href":"https:\/\/llumisub.lluminaries.com\/es\/wp-json\/wp\/v2\/pages\/1269\/revisions"}],"predecessor-version":[{"id":1276,"href":"https:\/\/llumisub.lluminaries.com\/es\/wp-json\/wp\/v2\/pages\/1269\/revisions\/1276"}],"wp:attachment":[{"href":"https:\/\/llumisub.lluminaries.com\/es\/wp-json\/wp\/v2\/media?parent=1269"}],"curies":[{"name":"wp","href":"https:\/\/api.w.org\/{rel}","templated":true}]}}